{"id":1956,"date":"2026-03-06T09:35:18","date_gmt":"2026-03-06T09:35:18","guid":{"rendered":"https:\/\/www.wnxpower.com\/?post_type=product&#038;p=1956"},"modified":"2026-03-06T09:52:13","modified_gmt":"2026-03-06T09:52:13","slug":"wannixing-3500w-pure-sine-wave-inverter","status":"publish","type":"product","link":"https:\/\/www.wnxpower.com\/it\/prodotto\/wannixing-3500w-pure-sine-wave-inverter\/","title":{"rendered":"Inverter WANNIXING 3500W a onda sinusoidale pura"},"content":{"rendered":"<div class=\"wxn-product-section\">\n<div class=\"wxn-col wxn-desc\">\n<div class=\"wxn-product-section\">\n<div class=\"wxn-col wxn-desc\">\n<h3>Descrizione del prodotto<\/h3>\n<p data-start=\"0\" data-end=\"174\">L'inverter WANNIXING 3500W a onda sinusoidale pura \u00e8 leggero, compatto, robusto e durevole. Tutti i componenti sono realizzati con materiali di alta qualit\u00e0 per garantire una qualit\u00e0 eccellente.<\/p>\n<p data-start=\"176\" data-end=\"616\">\u00c8 dotato di un display a LED integrato per avere un chiaro stato di funzionamento a colpo d'occhio e di un sistema di controllo intelligente della temperatura: la ventola di raffreddamento si regola automaticamente in base alla temperatura. \u00c8 prevista una protezione per l'inversione di polarit\u00e0, l'alta tensione e la bassa tensione, con un segnale di allarme che invita a spegnere tempestivamente l'apparecchio (nota: non fare eccessivo affidamento su questo sistema; attenersi scrupolosamente al manuale d'uso. In caso di dubbi, contattare l'assistenza clienti).<\/p>\n<p data-start=\"618\" data-end=\"678\" data-is-last-node=\"\" data-is-only-node=\"\">La durata della batteria dipende dalla capacit\u00e0 (Ah) e dalla potenza del carico (W).<\/p>\n<p>&nbsp;<\/p>\n<\/div>\n<div class=\"wxn-col wxn-specs\">\n<h3>Specifiche sintetiche<\/h3>\n<div class=\"wxn-specs-box\">\n<table class=\"wxn-specs-table\" style=\"height: 445px;\" width=\"527\">\n<tbody>\n<tr>\n<td style=\"text-align: left;\">Marchio<\/td>\n<td style=\"text-align: left;\">WANNIXING<\/td>\n<\/tr>\n<tr>\n<td>Garanzia<\/td>\n<td>2 anni<\/td>\n<\/tr>\n<tr>\n<td>Controllo del ventilatore<\/td>\n<td>Controllo intelligente della temperatura<\/td>\n<\/tr>\n<tr>\n<td>Modello e quantit\u00e0 del ventilatore<\/td>\n<td>6025 \u00d7 2<\/td>\n<\/tr>\n<tr>\n<td>Tensione d'ingresso<\/td>\n<td>12V\/24V\/48V CC<\/td>\n<\/tr>\n<tr>\n<td>Tensione di uscita<\/td>\n<td>230V AC \/ Onda sinusoidale pura<\/td>\n<\/tr>\n<tr>\n<td>Dimensioni (prima dell'imballaggio) circa (cm)<\/td>\n<td>42 \u00d7 18 \u00d7 9<\/td>\n<\/tr>\n<tr>\n<td>Dimensioni (dopo l'imballaggio) circa (cm)<\/td>\n<td>50 \u00d7 24 \u00d7 18<\/td>\n<\/tr>\n<tr>\n<td>Peso (netto) circa (kg)<\/td>\n<td>4.3<\/td>\n<\/tr>\n<tr>\n<td>Peso (con imballaggio) circa (kg)<\/td>\n<td>5.1<\/td>\n<\/tr>\n<tr>\n<td style=\"text-align: left;\">Potenza massima<\/td>\n<td>3500W<\/td>\n<\/tr>\n<\/tbody>\n<\/table>\n<\/div>\n<\/div>\n<\/div>\n<\/div>\n<div class=\"wxn-col wxn-specs\"><\/div>\n<\/div>","protected":false},"excerpt":{"rendered":"<p>Descrizione del prodotto L'inverter WANNIXING 3500W a onda sinusoidale pura \u00e8 leggero, compatto, robusto e durevole. Tutti i componenti sono realizzati con materiali di alta qualit\u00e0 per garantire...<\/p>","protected":false},"featured_media":1894,"comment_status":"open","ping_status":"closed","template":"","meta":[],"etheme_brands":[],"product_brand":[],"product_cat":[15],"product_tag":[],"class_list":{"0":"post-1956","1":"product","2":"type-product","3":"status-publish","4":"has-post-thumbnail","6":"product_cat-inverters","8":"first","9":"instock","10":"sale","11":"purchasable","12":"product-type-variable","13":"has-default-attributes"},"_links":{"self":[{"href":"https:\/\/www.wnxpower.com\/it\/wp-json\/wp\/v2\/product\/1956","targetHints":{"allow":["GET"]}}],"collection":[{"href":"https:\/\/www.wnxpower.com\/it\/wp-json\/wp\/v2\/product"}],"about":[{"href":"https:\/\/www.wnxpower.com\/it\/wp-json\/wp\/v2\/types\/product"}],"replies":[{"embeddable":true,"href":"https:\/\/www.wnxpower.com\/it\/wp-json\/wp\/v2\/comments?post=1956"}],"version-history":[{"count":1,"href":"https:\/\/www.wnxpower.com\/it\/wp-json\/wp\/v2\/product\/1956\/revisions"}],"predecessor-version":[{"id":1960,"href":"https:\/\/www.wnxpower.com\/it\/wp-json\/wp\/v2\/product\/1956\/revisions\/1960"}],"wp:featuredmedia":[{"embeddable":true,"href":"https:\/\/www.wnxpower.com\/it\/wp-json\/wp\/v2\/media\/1894"}],"wp:attachment":[{"href":"https:\/\/www.wnxpower.com\/it\/wp-json\/wp\/v2\/media?parent=1956"}],"wp:term":[{"taxonomy":"brand","embeddable":true,"href":"https:\/\/www.wnxpower.com\/it\/wp-json\/wp\/v2\/etheme_brands?post=1956"},{"taxonomy":"product_brand","embeddable":true,"href":"https:\/\/www.wnxpower.com\/it\/wp-json\/wp\/v2\/product_brand?post=1956"},{"taxonomy":"product_cat","embeddable":true,"href":"https:\/\/www.wnxpower.com\/it\/wp-json\/wp\/v2\/product_cat?post=1956"},{"taxonomy":"product_tag","embeddable":true,"href":"https:\/\/www.wnxpower.com\/it\/wp-json\/wp\/v2\/product_tag?post=1956"}],"curies":[{"name":"wp","href":"https:\/\/api.w.org\/{rel}","templated":true}]}}