{"id":1981,"date":"2026-03-06T15:41:06","date_gmt":"2026-03-06T15:41:06","guid":{"rendered":"https:\/\/www.wnxpower.com\/?post_type=product&#038;p=1981"},"modified":"2026-03-23T12:54:33","modified_gmt":"2026-03-23T12:54:33","slug":"wannixing-mppt-solar-charge-controller-12v-96v-100a-optional-wifi","status":"publish","type":"product","link":"https:\/\/www.wnxpower.com\/fr\/produit\/wannixing-mppt-solar-charge-controller-12v-96v-100a-optional-wifi\/","title":{"rendered":"WANNIXING Contr\u00f4leur de charge solaire MPPT 12V-96V \/ 100A WiFi en option"},"content":{"rendered":"<h3>Description du produit<\/h3>\n<p>Ce r\u00e9gulateur de charge solaire MPPT est con\u00e7u pour les syst\u00e8mes d'alimentation solaire hors r\u00e9seau. Il utilise la technologie de suivi du point de puissance maximale pour analyser rapidement la courbe de fonctionnement des modules photovolta\u00efques et am\u00e9liorer l'efficacit\u00e9 de l'utilisation de l'\u00e9nergie solaire.<\/p>\n<p>Le produit prend en charge la d\u00e9tection automatique des syst\u00e8mes de batteries 12V-96V et est compatible avec de nombreux types de batteries, y compris les batteries au plomb-acide, au gel et au lithium. Il prend \u00e9galement en charge l'activation des batteries au lithium.<\/p>\n<p>Le contr\u00f4leur offre des fonctions de gestion de la charge, notamment le suivi de la puissance maximale MPPT, la charge rapide, la charge d'\u00e9galisation et la charge flottante. Il offre \u00e9galement une protection contre la d\u00e9connexion en cas de basse tension afin de r\u00e9duire le risque de d\u00e9charge excessive de la batterie.<\/p>\n<p>Le produit int\u00e8gre \u00e9galement de multiples protections \u00e9lectroniques, y compris l'inversion de polarit\u00e9, la surtension, la surcharge, la surintensit\u00e9, la surchauffe, la surd\u00e9charge, la surcharge et la protection contre les courts-circuits. Il comprend \u00e9galement une compensation de temp\u00e9rature.<\/p>\n<p>Prise en charge d'une interface de communication TTL WiFi en option pour la visualisation des param\u00e8tres de fonctionnement.<\/p>\n<h3>Sp\u00e9cifications succinctes<\/h3>\n<div class=\"wxn-specs-box\">\n<table class=\"wxn-specs-table\" style=\"height: 539px;\" width=\"619\">\n<tbody>\n<tr>\n<td style=\"text-align: left;\">Marque<\/td>\n<td style=\"text-align: left;\">WANNIXING<\/td>\n<\/tr>\n<tr>\n<td>Garantie<\/td>\n<td>3 ans<\/td>\n<\/tr>\n<tr>\n<td>Contr\u00f4le du ventilateur<\/td>\n<td>Contr\u00f4le intelligent de la temp\u00e9rature<\/td>\n<\/tr>\n<tr>\n<td>Mod\u00e8le de ventilateur \/ quantit\u00e9<\/td>\n<td>8025 \u00d7 2<\/td>\n<\/tr>\n<tr>\n<td>Courant nominal<\/td>\n<td>100A<\/td>\n<\/tr>\n<tr>\n<td>Tension du syst\u00e8me de batterie<\/td>\n<td>12V-96V Auto<\/td>\n<\/tr>\n<tr>\n<td>Tension PV maximale en circuit ouvert<\/td>\n<td>230V DC Max<\/td>\n<\/tr>\n<tr>\n<td>Protection de l'environnement<\/td>\n<td>Inversion de polarit\u00e9 \/ Surtension \/ Surcharge \/ Surintensit\u00e9 \/ Surchauffe \/ Court-circuit<\/td>\n<\/tr>\n<tr>\n<td>Dimensions (avant emballage) approx (cm)<\/td>\n<td>28.6 \u00d7 22.5 \u00d7 9.3<\/td>\n<\/tr>\n<tr>\n<td>Dimensions (apr\u00e8s emballage) approx (cm)<\/td>\n<td>34.6 \u00d7 25.5 \u00d7 16<\/td>\n<\/tr>\n<tr>\n<td>Poids (net) approx (kg)<\/td>\n<td>3.3<\/td>\n<\/tr>\n<tr>\n<td>Poids (avec emballage) approx (kg)<\/td>\n<td>3.6<\/td>\n<\/tr>\n<tr>\n<td style=\"text-align: left;\">Communication<\/td>\n<td>TTL WiFi en option<\/td>\n<\/tr>\n<\/tbody>\n<\/table>\n<\/div>","protected":false},"excerpt":{"rendered":"<p>Description du produit Ce r\u00e9gulateur de charge solaire MPPT est con\u00e7u pour les syst\u00e8mes d'alimentation solaire hors r\u00e9seau. Il utilise la technologie de suivi du point de puissance maximale pour...<\/p>","protected":false},"featured_media":2146,"comment_status":"open","ping_status":"closed","template":"","meta":[],"etheme_brands":[],"product_brand":[],"product_cat":[54],"product_tag":[],"class_list":{"0":"post-1981","1":"product","2":"type-product","3":"status-publish","4":"has-post-thumbnail","6":"product_cat-mppt-controllers","8":"first","9":"onbackorder","10":"sale","11":"taxable","12":"shipping-taxable","13":"purchasable","14":"product-type-variable","15":"has-default-attributes"},"_links":{"self":[{"href":"https:\/\/www.wnxpower.com\/fr\/wp-json\/wp\/v2\/product\/1981","targetHints":{"allow":["GET"]}}],"collection":[{"href":"https:\/\/www.wnxpower.com\/fr\/wp-json\/wp\/v2\/product"}],"about":[{"href":"https:\/\/www.wnxpower.com\/fr\/wp-json\/wp\/v2\/types\/product"}],"replies":[{"embeddable":true,"href":"https:\/\/www.wnxpower.com\/fr\/wp-json\/wp\/v2\/comments?post=1981"}],"version-history":[{"count":2,"href":"https:\/\/www.wnxpower.com\/fr\/wp-json\/wp\/v2\/product\/1981\/revisions"}],"predecessor-version":[{"id":1985,"href":"https:\/\/www.wnxpower.com\/fr\/wp-json\/wp\/v2\/product\/1981\/revisions\/1985"}],"wp:featuredmedia":[{"embeddable":true,"href":"https:\/\/www.wnxpower.com\/fr\/wp-json\/wp\/v2\/media\/2146"}],"wp:attachment":[{"href":"https:\/\/www.wnxpower.com\/fr\/wp-json\/wp\/v2\/media?parent=1981"}],"wp:term":[{"taxonomy":"brand","embeddable":true,"href":"https:\/\/www.wnxpower.com\/fr\/wp-json\/wp\/v2\/etheme_brands?post=1981"},{"taxonomy":"product_brand","embeddable":true,"href":"https:\/\/www.wnxpower.com\/fr\/wp-json\/wp\/v2\/product_brand?post=1981"},{"taxonomy":"product_cat","embeddable":true,"href":"https:\/\/www.wnxpower.com\/fr\/wp-json\/wp\/v2\/product_cat?post=1981"},{"taxonomy":"product_tag","embeddable":true,"href":"https:\/\/www.wnxpower.com\/fr\/wp-json\/wp\/v2\/product_tag?post=1981"}],"curies":[{"name":"wp","href":"https:\/\/api.w.org\/{rel}","templated":true}]}}