{"id":1899,"date":"2026-03-04T09:10:32","date_gmt":"2026-03-04T09:10:32","guid":{"rendered":"https:\/\/www.wnxpower.com\/?post_type=product&#038;p=1899"},"modified":"2026-03-14T16:42:38","modified_gmt":"2026-03-14T16:42:38","slug":"wannixing-2000w-pure-sine-wave-inverter","status":"publish","type":"product","link":"https:\/\/www.wnxpower.com\/fr\/produit\/wannixing-2000w-pure-sine-wave-inverter\/","title":{"rendered":"WANNIXING Onduleur \u00e0 onde sinuso\u00efdale pure 2000W"},"content":{"rendered":"<h3>Description du produit<\/h3>\n<p data-start=\"0\" data-end=\"174\">L'onduleur WANNIXING 2000W \u00e0 onde sinuso\u00efdale pure est l\u00e9ger, compact, robuste et durable. Tous les composants sont fabriqu\u00e9s \u00e0 partir de mat\u00e9riaux de haute qualit\u00e9 pour garantir une excellente qualit\u00e9.<\/p>\n<p data-start=\"176\" data-end=\"616\">Il est dot\u00e9 d'un \u00e9cran LED int\u00e9gr\u00e9 qui permet de visualiser l'\u00e9tat de fonctionnement en un coup d'\u0153il, et d'un syst\u00e8me de contr\u00f4le intelligent de la temp\u00e9rature : le ventilateur de refroidissement s'ajuste automatiquement en fonction de la temp\u00e9rature. L'appareil est prot\u00e9g\u00e9 contre les inversions de polarit\u00e9, la haute tension et la basse tension, et un signal d'alarme le met hors tension en temps voulu (remarque : ne vous y fiez pas trop ; suivez scrupuleusement les instructions du manuel d'utilisation. En cas de doute, veuillez contacter le service client\u00e8le).<\/p>\n<p data-start=\"618\" data-end=\"678\" data-is-last-node=\"\" data-is-only-node=\"\">L'autonomie de la batterie d\u00e9pend de sa capacit\u00e9 (Ah) et de la puissance de la charge (W).<\/p>\n<p>&nbsp;<\/p>\n<h3>Sp\u00e9cifications succinctes<\/h3>\n<table style=\"height: 445px;\" width=\"527\">\n<tbody>\n<tr>\n<td style=\"text-align: left;\">Marque<\/td>\n<td style=\"text-align: left;\">WANNIXING<\/td>\n<\/tr>\n<tr>\n<td>Garantie<\/td>\n<td>2 ans<\/td>\n<\/tr>\n<tr>\n<td>Contr\u00f4le du ventilateur<\/td>\n<td>Contr\u00f4le intelligent de la temp\u00e9rature<\/td>\n<\/tr>\n<tr>\n<td>Mod\u00e8le de ventilateur \/ quantit\u00e9<\/td>\n<td>6025 \u00d7 2<\/td>\n<\/tr>\n<tr>\n<td>Tension d'entr\u00e9e<\/td>\n<td>12V\/24V\/48V DC<\/td>\n<\/tr>\n<tr>\n<td>Tension de sortie<\/td>\n<td>230V AC \/ onde sinuso\u00efdale pure<\/td>\n<\/tr>\n<tr>\n<td>Dimensions (avant emballage) approx (cm)<\/td>\n<td>27 \u00d7 17 \u00d7 8<\/td>\n<\/tr>\n<tr>\n<td>Dimensions (apr\u00e8s emballage) approx (cm)<\/td>\n<td>36 \u00d7 22 \u00d7 16<\/td>\n<\/tr>\n<tr>\n<td>Poids (net) approx (kg)<\/td>\n<td>2.2<\/td>\n<\/tr>\n<tr>\n<td>Poids (avec emballage) approx (kg)<\/td>\n<td>2.7<\/td>\n<\/tr>\n<tr>\n<td style=\"text-align: left;\">Puissance maximale<\/td>\n<td>2000W<\/td>\n<\/tr>\n<\/tbody>\n<\/table>","protected":false},"excerpt":{"rendered":"<p>Description du produit L'onduleur WANNIXING 2000W \u00e0 onde sinuso\u00efdale pure est l\u00e9ger, compact, robuste et durable. Tous les composants sont fabriqu\u00e9s \u00e0 partir de mat\u00e9riaux de haute qualit\u00e9...<\/p>","protected":false},"featured_media":1911,"comment_status":"open","ping_status":"closed","template":"","meta":[],"etheme_brands":[],"product_brand":[],"product_cat":[15],"product_tag":[],"class_list":{"0":"post-1899","1":"product","2":"type-product","3":"status-publish","4":"has-post-thumbnail","6":"product_cat-inverters","8":"first","9":"instock","10":"sale","11":"purchasable","12":"product-type-variable","13":"has-default-attributes"},"_links":{"self":[{"href":"https:\/\/www.wnxpower.com\/fr\/wp-json\/wp\/v2\/product\/1899","targetHints":{"allow":["GET"]}}],"collection":[{"href":"https:\/\/www.wnxpower.com\/fr\/wp-json\/wp\/v2\/product"}],"about":[{"href":"https:\/\/www.wnxpower.com\/fr\/wp-json\/wp\/v2\/types\/product"}],"replies":[{"embeddable":true,"href":"https:\/\/www.wnxpower.com\/fr\/wp-json\/wp\/v2\/comments?post=1899"}],"version-history":[{"count":7,"href":"https:\/\/www.wnxpower.com\/fr\/wp-json\/wp\/v2\/product\/1899\/revisions"}],"predecessor-version":[{"id":2138,"href":"https:\/\/www.wnxpower.com\/fr\/wp-json\/wp\/v2\/product\/1899\/revisions\/2138"}],"wp:featuredmedia":[{"embeddable":true,"href":"https:\/\/www.wnxpower.com\/fr\/wp-json\/wp\/v2\/media\/1911"}],"wp:attachment":[{"href":"https:\/\/www.wnxpower.com\/fr\/wp-json\/wp\/v2\/media?parent=1899"}],"wp:term":[{"taxonomy":"brand","embeddable":true,"href":"https:\/\/www.wnxpower.com\/fr\/wp-json\/wp\/v2\/etheme_brands?post=1899"},{"taxonomy":"product_brand","embeddable":true,"href":"https:\/\/www.wnxpower.com\/fr\/wp-json\/wp\/v2\/product_brand?post=1899"},{"taxonomy":"product_cat","embeddable":true,"href":"https:\/\/www.wnxpower.com\/fr\/wp-json\/wp\/v2\/product_cat?post=1899"},{"taxonomy":"product_tag","embeddable":true,"href":"https:\/\/www.wnxpower.com\/fr\/wp-json\/wp\/v2\/product_tag?post=1899"}],"curies":[{"name":"wp","href":"https:\/\/api.w.org\/{rel}","templated":true}]}}