{"id":1961,"date":"2026-03-06T15:13:27","date_gmt":"2026-03-06T15:13:27","guid":{"rendered":"https:\/\/www.wnxpower.com\/?post_type=product&#038;p=1961"},"modified":"2026-03-23T12:53:46","modified_gmt":"2026-03-23T12:53:46","slug":"mppt-solar-charge-controller-12v-96v-30a","status":"publish","type":"product","link":"https:\/\/www.wnxpower.com\/de\/produkt\/mppt-solar-charge-controller-12v-96v-30a\/","title":{"rendered":"WANNIXING MPPT Solarladeregler 12V-96V \/ 30A Optional WiFi"},"content":{"rendered":"<h3>Beschreibung des Produkts<\/h3>\n<p>Dieser MPPT-Solarladeregler ist f\u00fcr netzunabh\u00e4ngige Solarsysteme konzipiert. Er nutzt die Maximum Power Point Tracking-Technologie, um die Betriebskurve von Photovoltaik-Modulen schnell zu erfassen und die Effizienz der Solarenergienutzung zu verbessern.<\/p>\n<p>Das Produkt unterst\u00fctzt die automatische Erkennung von 12V-96V-Batteriesystemen und ist mit mehreren Batterietypen kompatibel, einschlie\u00dflich Bleis\u00e4ure-, Gel- und Lithiumbatterien. Es unterst\u00fctzt auch die Aktivierung von Lithium-Batterien.<\/p>\n<p>Der Controller bietet Lademanagementfunktionen wie MPPT-Maximum Power Tracking, Schnellladung, Ausgleichsladung und Erhaltungsladung. Au\u00dferdem bietet er einen Unterspannungsabschaltschutz, um das Risiko einer \u00fcberm\u00e4\u00dfigen Batterieentladung zu verringern.<\/p>\n<p>Das Produkt verf\u00fcgt au\u00dferdem \u00fcber mehrere elektronische Schutzfunktionen, darunter Verpolungs-, \u00dcberspannungs-, \u00dcberlade-, \u00dcberstrom-, \u00dcbertemperatur-, \u00dcberentlade-, \u00dcberlastungs- und Kurzschlussschutz. Es umfasst auch eine Temperaturkompensation.<\/p>\n<p>Unterst\u00fctzung einer optionalen TTL-WiFi-Kommunikationsschnittstelle zur Anzeige von Betriebsparametern.<\/p>\n<h3>Kurzbeschreibung<\/h3>\n<div class=\"wxn-specs-box\">\n<table class=\"wxn-specs-table\" style=\"height: 539px;\" width=\"619\">\n<tbody>\n<tr>\n<td style=\"text-align: left;\">Marke<\/td>\n<td style=\"text-align: left;\">WANNIXING<\/td>\n<\/tr>\n<tr>\n<td>Garantie<\/td>\n<td>3Jahre<\/td>\n<\/tr>\n<tr>\n<td>L\u00fcftersteuerung<\/td>\n<td>Intelligente Temperaturkontrolle<\/td>\n<\/tr>\n<tr>\n<td>Ventilatormodell \/ Anzahl<\/td>\n<td>6025 \u00d7 1<\/td>\n<\/tr>\n<tr>\n<td>Nennstrom<\/td>\n<td>30A<\/td>\n<\/tr>\n<tr>\n<td>Spannung des Batteriesystems<\/td>\n<td>12V-96V Auto<\/td>\n<\/tr>\n<tr>\n<td>Maximale PV-Leerlaufspannung<\/td>\n<td>230V DC Max.<\/td>\n<\/tr>\n<tr>\n<td>Schutz<\/td>\n<td>Verpolung \/ \u00dcberspannung \/ \u00dcberladung \/ \u00dcberstrom \/ \u00dcbertemperatur \/ Kurzschluss<\/td>\n<\/tr>\n<tr>\n<td>Abmessungen (vor Verpackung) ca. (cm)<\/td>\n<td>22.7 \u00d7 22.5 \u00d7 9.3<\/td>\n<\/tr>\n<tr>\n<td>Abmessungen (nach Verpackung) ca. (cm)<\/td>\n<td>28.7 \u00d7 25.5 \u00d7 16<\/td>\n<\/tr>\n<tr>\n<td>Gewicht (netto) ca. (kg)<\/td>\n<td>2.2<\/td>\n<\/tr>\n<tr>\n<td>Gewicht (mit Verpackung) ca. (kg)<\/td>\n<td>2.4<\/td>\n<\/tr>\n<tr>\n<td style=\"text-align: left;\">Kommunikation<\/td>\n<td>TTL WiFi Optional<\/td>\n<\/tr>\n<\/tbody>\n<\/table>\n<\/div>","protected":false},"excerpt":{"rendered":"<p>Produktbeschreibung Dieser MPPT-Solarladeregler ist f\u00fcr netzunabh\u00e4ngige Solarsysteme konzipiert. Er nutzt die Maximum Power Point Tracking Technologie, um schnell die...<\/p>","protected":false},"featured_media":2143,"comment_status":"open","ping_status":"closed","template":"","meta":[],"etheme_brands":[],"product_brand":[],"product_cat":[54],"product_tag":[],"class_list":{"0":"post-1961","1":"product","2":"type-product","3":"status-publish","4":"has-post-thumbnail","6":"product_cat-mppt-controllers","8":"first","9":"onbackorder","10":"sale","11":"taxable","12":"shipping-taxable","13":"purchasable","14":"product-type-variable","15":"has-default-attributes"},"_links":{"self":[{"href":"https:\/\/www.wnxpower.com\/de\/wp-json\/wp\/v2\/product\/1961","targetHints":{"allow":["GET"]}}],"collection":[{"href":"https:\/\/www.wnxpower.com\/de\/wp-json\/wp\/v2\/product"}],"about":[{"href":"https:\/\/www.wnxpower.com\/de\/wp-json\/wp\/v2\/types\/product"}],"replies":[{"embeddable":true,"href":"https:\/\/www.wnxpower.com\/de\/wp-json\/wp\/v2\/comments?post=1961"}],"version-history":[{"count":5,"href":"https:\/\/www.wnxpower.com\/de\/wp-json\/wp\/v2\/product\/1961\/revisions"}],"predecessor-version":[{"id":1975,"href":"https:\/\/www.wnxpower.com\/de\/wp-json\/wp\/v2\/product\/1961\/revisions\/1975"}],"wp:featuredmedia":[{"embeddable":true,"href":"https:\/\/www.wnxpower.com\/de\/wp-json\/wp\/v2\/media\/2143"}],"wp:attachment":[{"href":"https:\/\/www.wnxpower.com\/de\/wp-json\/wp\/v2\/media?parent=1961"}],"wp:term":[{"taxonomy":"brand","embeddable":true,"href":"https:\/\/www.wnxpower.com\/de\/wp-json\/wp\/v2\/etheme_brands?post=1961"},{"taxonomy":"product_brand","embeddable":true,"href":"https:\/\/www.wnxpower.com\/de\/wp-json\/wp\/v2\/product_brand?post=1961"},{"taxonomy":"product_cat","embeddable":true,"href":"https:\/\/www.wnxpower.com\/de\/wp-json\/wp\/v2\/product_cat?post=1961"},{"taxonomy":"product_tag","embeddable":true,"href":"https:\/\/www.wnxpower.com\/de\/wp-json\/wp\/v2\/product_tag?post=1961"}],"curies":[{"name":"wp","href":"https:\/\/api.w.org\/{rel}","templated":true}]}}