{"id":1938,"date":"2026-03-06T08:17:12","date_gmt":"2026-03-06T08:17:12","guid":{"rendered":"https:\/\/www.wnxpower.com\/?post_type=product&#038;p=1938"},"modified":"2026-03-06T09:16:09","modified_gmt":"2026-03-06T09:16:09","slug":"wannixing-2500w-pure-sine-wave-inverter","status":"publish","type":"product","link":"https:\/\/www.wnxpower.com\/de\/produkt\/wannixing-2500w-pure-sine-wave-inverter\/","title":{"rendered":"WANNIXING 2500W Reiner Sinus-Wechselrichter"},"content":{"rendered":"<div class=\"wxn-product-section\">\n<div class=\"wxn-col wxn-desc\">\n<div class=\"wxn-product-section\">\n<div class=\"wxn-col wxn-desc\">\n<h3>Beschreibung des Produkts<\/h3>\n<p data-start=\"0\" data-end=\"174\">Der WANNIXING 2500W Wechselrichter mit reinem Sinus ist leicht, kompakt, robust und langlebig. Alle Komponenten sind aus hochwertigen Materialien gefertigt, um eine ausgezeichnete Qualit\u00e4t zu gew\u00e4hrleisten.<\/p>\n<p data-start=\"176\" data-end=\"616\">Es verf\u00fcgt \u00fcber eine integrierte LED-Anzeige f\u00fcr einen klaren Betriebsstatus auf einen Blick und ein integriertes intelligentes Temperaturkontrollsystem: Das K\u00fchlgebl\u00e4se passt sich automatisch an die Temperatur an. Das Ger\u00e4t ist gegen Verpolung, Hoch- und Unterspannung gesch\u00fctzt und verf\u00fcgt \u00fcber ein Alarmsignal, das eine rechtzeitige Abschaltung ank\u00fcndigt (Hinweis: Verlassen Sie sich nicht zu sehr darauf, sondern folgen Sie strikt dem Benutzerhandbuch. Wenn Sie unsicher sind, wenden Sie sich bitte an den Kundendienst).<\/p>\n<p data-start=\"618\" data-end=\"678\" data-is-last-node=\"\" data-is-only-node=\"\">Die Akkulaufzeit h\u00e4ngt von der Kapazit\u00e4t (Ah) und der Ladeleistung (W) ab.<\/p>\n<p>&nbsp;<\/p>\n<\/div>\n<div class=\"wxn-col wxn-specs\">\n<h3>Kurzbeschreibung<\/h3>\n<div class=\"wxn-specs-box\">\n<table class=\"wxn-specs-table\" style=\"height: 445px;\" width=\"527\">\n<tbody>\n<tr>\n<td style=\"text-align: left;\">Marke<\/td>\n<td style=\"text-align: left;\">WANNIXING<\/td>\n<\/tr>\n<tr>\n<td>Garantie<\/td>\n<td>2 Jahre<\/td>\n<\/tr>\n<tr>\n<td>L\u00fcftersteuerung<\/td>\n<td>Intelligente Temperaturkontrolle<\/td>\n<\/tr>\n<tr>\n<td>Ventilatormodell \/ Anzahl<\/td>\n<td>6025 \u00d7 2<\/td>\n<\/tr>\n<tr>\n<td>Eingangsspannung<\/td>\n<td>12V\/24V\/48V DC<\/td>\n<\/tr>\n<tr>\n<td>Ausgangsspannung<\/td>\n<td>230V AC \/ Reine Sinuswelle<\/td>\n<\/tr>\n<tr>\n<td>Abmessungen (vor Verpackung) ca. (cm)<\/td>\n<td>31 \u00d7 17 \u00d7 8<\/td>\n<\/tr>\n<tr>\n<td>Abmessungen (nach Verpackung) ca. (cm)<\/td>\n<td>41 \u00d7 22 \u00d7 16<\/td>\n<\/tr>\n<tr>\n<td>Gewicht (netto) ca. (kg)<\/td>\n<td>3.1<\/td>\n<\/tr>\n<tr>\n<td>Gewicht (mit Verpackung) ca. (kg)<\/td>\n<td>3.7<\/td>\n<\/tr>\n<tr>\n<td style=\"text-align: left;\">Maximale Leistung<\/td>\n<td>2500W<\/td>\n<\/tr>\n<\/tbody>\n<\/table>\n<\/div>\n<\/div>\n<\/div>\n<\/div>\n<div class=\"wxn-col wxn-specs\"><\/div>\n<\/div>","protected":false},"excerpt":{"rendered":"<p>Produktbeschreibung Der WANNIXING 2500W Wechselrichter mit reiner Sinuswelle ist leicht, kompakt, robust und langlebig. Alle Komponenten sind aus hochwertigen Materialien gefertigt, um eine hervorragende...<\/p>","protected":false},"featured_media":1911,"comment_status":"open","ping_status":"closed","template":"","meta":[],"etheme_brands":[],"product_brand":[],"product_cat":[15],"product_tag":[],"class_list":{"0":"post-1938","1":"product","2":"type-product","3":"status-publish","4":"has-post-thumbnail","6":"product_cat-inverters","8":"first","9":"instock","10":"sale","11":"purchasable","12":"product-type-variable","13":"has-default-attributes"},"_links":{"self":[{"href":"https:\/\/www.wnxpower.com\/de\/wp-json\/wp\/v2\/product\/1938","targetHints":{"allow":["GET"]}}],"collection":[{"href":"https:\/\/www.wnxpower.com\/de\/wp-json\/wp\/v2\/product"}],"about":[{"href":"https:\/\/www.wnxpower.com\/de\/wp-json\/wp\/v2\/types\/product"}],"replies":[{"embeddable":true,"href":"https:\/\/www.wnxpower.com\/de\/wp-json\/wp\/v2\/comments?post=1938"}],"version-history":[{"count":3,"href":"https:\/\/www.wnxpower.com\/de\/wp-json\/wp\/v2\/product\/1938\/revisions"}],"predecessor-version":[{"id":1950,"href":"https:\/\/www.wnxpower.com\/de\/wp-json\/wp\/v2\/product\/1938\/revisions\/1950"}],"wp:featuredmedia":[{"embeddable":true,"href":"https:\/\/www.wnxpower.com\/de\/wp-json\/wp\/v2\/media\/1911"}],"wp:attachment":[{"href":"https:\/\/www.wnxpower.com\/de\/wp-json\/wp\/v2\/media?parent=1938"}],"wp:term":[{"taxonomy":"brand","embeddable":true,"href":"https:\/\/www.wnxpower.com\/de\/wp-json\/wp\/v2\/etheme_brands?post=1938"},{"taxonomy":"product_brand","embeddable":true,"href":"https:\/\/www.wnxpower.com\/de\/wp-json\/wp\/v2\/product_brand?post=1938"},{"taxonomy":"product_cat","embeddable":true,"href":"https:\/\/www.wnxpower.com\/de\/wp-json\/wp\/v2\/product_cat?post=1938"},{"taxonomy":"product_tag","embeddable":true,"href":"https:\/\/www.wnxpower.com\/de\/wp-json\/wp\/v2\/product_tag?post=1938"}],"curies":[{"name":"wp","href":"https:\/\/api.w.org\/{rel}","templated":true}]}}