{"id":20,"date":"2026-03-08T14:22:05","date_gmt":"2026-03-08T14:22:05","guid":{"rendered":"https:\/\/xstore.8theme.com\/elementor2\/industrial-power-tools\/?page_id=20"},"modified":"2026-03-11T08:58:37","modified_gmt":"2026-03-11T08:58:37","slug":"refund_returns","status":"publish","type":"page","link":"https:\/\/www.wnxpower.com\/de\/refund_returns\/","title":{"rendered":"R\u00fcckerstattungsbedingungen \/ R\u00fcckgabebedingungen"},"content":{"rendered":"<div data-elementor-type=\"wp-page\" data-elementor-id=\"20\" class=\"elementor elementor-20\" data-elementor-post-type=\"page\">\n\t\t\t\t<div class=\"elementor-element elementor-element-eea4b2f e-con-full e-flex e-con e-parent\" data-id=\"eea4b2f\" data-element_type=\"container\" data-e-type=\"container\">\n\t\t<div class=\"elementor-element elementor-element-a9e8138 e-con-full e-flex e-con e-child\" data-id=\"a9e8138\" data-element_type=\"container\" data-e-type=\"container\">\n\t\t\t\t<div class=\"elementor-element elementor-element-23ad9835 elementor-widget elementor-widget-text-editor\" data-id=\"23ad9835\" data-element_type=\"widget\" data-e-type=\"widget\" data-widget_type=\"text-editor.default\">\n\t\t\t\t\t\t\t\t\t\n<h2 class=\"wp-block-heading\" data-section-id=\"zk8dc0\" data-start=\"33\" data-end=\"56\">Einf\u00fchrung \/ Umfang<\/h2>\n<p data-start=\"58\" data-end=\"631\">Diese R\u00fcckerstattungsrichtlinien \/ R\u00fcckgabebestimmungen gelten f\u00fcr K\u00e4ufe von Verbrauchern \u00fcber die WANNIXING-Website f\u00fcr die Lieferung innerhalb der EU 27. Sie erl\u00e4utert die Regeln, die f\u00fcr gew\u00f6hnliche R\u00fcckgabeantr\u00e4ge gelten, einschlie\u00dflich der berechtigten R\u00fccknahme bei Meinungs\u00e4nderung, und sie erkl\u00e4rt, wie WANNIXING mit fehlerhaften, besch\u00e4digten, defekten oder falschen Artikeln umgeht. Diese Seite ist f\u00fcr B2C-Bestellungen gedacht. F\u00fcr Gesch\u00e4ftsk\u00e4ufe, individuelle Handelsvereinbarungen oder F\u00e4lle, in denen zwingendes lokales Verbraucherrecht dem Kunden zus\u00e4tzlichen Schutz bietet, k\u00f6nnen andere Regeln gelten.<\/p>\n<h2 data-section-id=\"1fwgj6r\" data-start=\"633\" data-end=\"655\">R\u00fccktrittsrecht<\/h2>\n<p data-start=\"657\" data-end=\"1130\">Bei berechtigten Online-Bestellungen von Verbrauchern haben Sie nach geltendem Recht unter Umst\u00e4nden das Recht, Ihren Kauf innerhalb von 14 Tagen ohne Angabe von Gr\u00fcnden zu widerrufen. Dieses ordentliche Widerrufsrecht gilt nur, wenn die entsprechenden rechtlichen Voraussetzungen erf\u00fcllt sind, und gilt nicht f\u00fcr jedes Produkt oder jede Situation. Wenn das Widerrufsrecht gilt, m\u00fcssen Sie WANNIXING innerhalb der geltenden Widerrufsfrist deutlich \u00fcber Ihre Entscheidung informieren.<\/p>\n<h2 data-section-id=\"10zmic\" data-start=\"1132\" data-end=\"1158\">Wie man eine R\u00fccksendung beantragt<\/h2>\n<p data-start=\"1160\" data-end=\"1455\">Um eine R\u00fccksendung anzufordern, senden Sie bitte eine E-Mail an <a class=\"decorated-link cursor-pointer\" rel=\"noopener\" data-start=\"1194\" data-end=\"1214\">Contact@wnxpower.com<\/a> innerhalb der geltenden Frist und geben Sie Ihre Bestellnummer, die Artikeldetails und den Grund f\u00fcr die R\u00fccksendung an. Wenn der Artikel fehlerhaft, besch\u00e4digt, defekt oder falsch ist, f\u00fcgen Sie bitte auch eindeutige Fotos bei, damit wir das Problem umgehend pr\u00fcfen k\u00f6nnen.<\/p>\n<p data-start=\"1457\" data-end=\"1959\">Kunden m\u00fcssen sich an den Kundendienst wenden unter <a class=\"decorated-link cursor-pointer\" rel=\"noopener\" data-start=\"1500\" data-end=\"1520\">Contact@wnxpower.com<\/a> um die detaillierte R\u00fccksendeadresse und die R\u00fccksendeanweisungen zu erhalten, bevor Sie einen Artikel zur\u00fccksenden. Senden Sie keine Waren ohne vorherige R\u00fcckgabeanweisung zur\u00fcck. Im Falle eines angenommenen Widerrufs sind die Waren unverz\u00fcglich und in jedem Fall sp\u00e4testens innerhalb von 14 Tagen ab dem Tag, an dem Sie uns von Ihrem Widerruf in Kenntnis gesetzt haben, zur\u00fcckzusenden, es sei denn, es wurde ausdr\u00fccklich eine andere Regelung vereinbart.<\/p>\n<h2 data-section-id=\"1a5h5lb\" data-start=\"1961\" data-end=\"1981\">R\u00fccktrittsfrist<\/h2>\n<p data-start=\"1983\" data-end=\"2477\">Sofern das f\u00fcr Ihre Bestellung geltende Recht keine andere zwingende Vorschrift vorsieht, betr\u00e4gt die Widerrufsfrist f\u00fcr zul\u00e4ssige Waren 14 Tage ab dem Tag, an dem Sie oder eine von Ihnen benannte Person, die nicht der Bef\u00f6rderer ist, die Waren erhalten haben. Um das Widerrufsrecht auszu\u00fcben, muss der Kunde eine eindeutige Erkl\u00e4rung per E-Mail vor Ablauf der Widerrufsfrist abgeben. Ein Antrag, der nach Ablauf der Widerrufsfrist gestellt wird, kann nicht mehr als normaler Widerruf gewertet werden.<\/p>\n<h2 data-section-id=\"kfuw5\" data-start=\"2479\" data-end=\"2503\">Kosten f\u00fcr die R\u00fccksendung<\/h2>\n<p data-start=\"2505\" data-end=\"2804\">Sofern nicht anders vereinbart, tr\u00e4gt der Kunde die unmittelbaren Kosten der R\u00fccksendung der Waren. WANNIXING akzeptiert keine unautorisierten R\u00fccksendungen ohne vorherige R\u00fccksendeanweisung. Sollte das anwendbare Recht in einem bestimmten Fall ein anderes Ergebnis vorschreiben, so ist dieses Recht ma\u00dfgebend.<\/p>\n<h2 data-section-id=\"1t89j0k\" data-start=\"2806\" data-end=\"2836\">Zustand der zur\u00fcckgesandten Waren<\/h2>\n<p data-start=\"2838\" data-end=\"3303\">Zur\u00fcckgesendete Waren sollten vollst\u00e4ndig und, soweit m\u00f6glich, in dem Zustand zur\u00fcckgesendet werden, in dem sie erhalten wurden, einschlie\u00dflich aller Zubeh\u00f6rteile, Handb\u00fccher, Kabel, Anschl\u00fcsse, Verpackungskomponenten und anderer mit dem Produkt gelieferter Artikel. Waren, die mit fehlenden Teilen, Besch\u00e4digungen, Anzeichen von Missbrauch, physischen Ver\u00e4nderungen oder anderen Zustandsmerkmalen zur\u00fcckgeschickt werden, k\u00f6nnen unter Umst\u00e4nden nicht in vollem Umfang erstattet werden und k\u00f6nnen, sofern dies rechtlich vertretbar ist, abgelehnt oder zu einem geringeren Wert bewertet werden.<\/p>\n<h2 data-section-id=\"17lt8yr\" data-start=\"3305\" data-end=\"3340\">Inspektion, Installation und Verwendung<\/h2>\n<p data-start=\"3342\" data-end=\"3667\">Der Kunde kann die Waren nur insoweit pr\u00fcfen, als dies zur Feststellung der Beschaffenheit, der Eigenschaften und der Funktionsweise erforderlich ist, wozu er normalerweise in einem Ladengesch\u00e4ft Gelegenheit h\u00e4tte. Ein dar\u00fcber hinausgehender Umgang kann sich auf den Erstattungsbetrag auswirken, soweit dies gesetzlich zul\u00e4ssig ist.<\/p>\n<p data-start=\"3669\" data-end=\"4326\">Bei netzunabh\u00e4ngigen Stromversorgungsprodukten k\u00f6nnen T\u00e4tigkeiten wie Installation, Verkabelung, Montage, Konfiguration, Lasttests, Anschluss an Batterien, Solarsysteme, Fahrzeuge, Schiffe, Geb\u00e4ude oder andere Ger\u00e4te, Integration in ein gr\u00f6\u00dferes elektrisches System, Bohren, Schneiden, Abisolieren, Crimpen, Neuetikettierung oder andere physische oder funktionale Ver\u00e4nderungen \u00fcber das hinausgehen, was f\u00fcr eine grundlegende Inspektion erforderlich ist. Eine solche Behandlung bedeutet nicht automatisch, dass eine R\u00fcckgabe nicht m\u00f6glich ist, aber sie kann sich auf den Erstattungsbetrag oder die R\u00fcckgabeberechtigung auswirken, je nachdem, in welchem Zustand sich die Ware bei der R\u00fcckgabe an WANNIXING befindet und ob sie wieder in einen wiederverkaufsf\u00e4higen Zustand versetzt werden kann.<\/p>\n<h2 data-section-id=\"1nx7fq2\" data-start=\"4328\" data-end=\"4347\">Verminderter Wert<\/h2>\n<p data-start=\"4349\" data-end=\"4856\">Wurde die Ware mehr als f\u00fcr die Feststellung ihrer Beschaffenheit, ihrer Eigenschaften und ihrer Funktionsweise erforderlich behandelt, kann WANNIXING, soweit gesetzlich zul\u00e4ssig, eine Minderung des R\u00fcckerstattungsbetrages vornehmen, um die Wertminderung zu ber\u00fccksichtigen. Der Umfang der Minderung h\u00e4ngt vom tats\u00e4chlichen Zustand der zur\u00fcckgegebenen Ware ab, einschlie\u00dflich der Frage, ob das Produkt Anzeichen von Installation, Verkabelung, Montage, Gebrauch, Abnutzung, kosmetischen Sch\u00e4den, fehlenden Komponenten, ver\u00e4nderter Verpackung oder sonstigem Verlust des Wiederverkaufswerts aufweist.<\/p>\n<p data-start=\"4858\" data-end=\"5119\">Wenn die Waren ver\u00e4ndert wurden, besch\u00e4digt sind, Teile fehlen oder mit anderen Artikeln in einer Weise kombiniert wurden, die eine Wiederherstellung in einen wiederverkaufsf\u00e4higen Zustand verhindert, kann die R\u00fccksendung nicht f\u00fcr eine volle R\u00fcckerstattung in Frage kommen und kann im Rahmen der gesetzlichen M\u00f6glichkeiten abgelehnt werden.<\/p>\n<h2 data-section-id=\"igx47g\" data-start=\"5121\" data-end=\"5155\">Nicht r\u00fcckgabef\u00e4hige \/ ausgeschlossene Artikel<\/h2>\n<p data-start=\"5157\" data-end=\"5654\">Das ordentliche Widerrufsrecht gilt nicht oder kann nicht gelten f\u00fcr Waren, die nach den Spezifikationen des Kunden angefertigt oder eindeutig auf ihn zugeschnitten sind, sofern das geltende Recht einen solchen Ausschluss vorsieht. F\u00fcr WANNIXING kann dies z. B. kundenspezifische Spannungskonfigurationen, besondere Anforderungen an die Verdrahtung oder den Anschluss, ma\u00dfgeschneiderte Konfigurationen, personalisierte Etikettierung oder Verpackung und andere Waren, die nach den spezifischen Anforderungen des Kunden hergestellt oder angepasst wurden, umfassen.<\/p>\n<p data-start=\"5656\" data-end=\"5816\">Dieser Abschnitt bezieht sich nur auf das ordentliche Widerrufsrecht. Er hebt nicht die Rechte auf, die Sie m\u00f6glicherweise haben, wenn ein Produkt fehlerhaft, besch\u00e4digt, defekt oder falsch ist.<\/p>\n<h2 data-section-id=\"913pav\" data-start=\"5818\" data-end=\"5855\">Defekte, besch\u00e4digte oder fehlerhafte Artikel<\/h2>\n<p data-start=\"5857\" data-end=\"5916\">Dieser Abschnitt ist von den normalen R\u00fccknahmeantr\u00e4gen getrennt.<\/p>\n<p data-start=\"5918\" data-end=\"6348\">Wenn Sie einen Artikel erhalten, der fehlerhaft, beim Transport besch\u00e4digt, defekt, unvollst\u00e4ndig oder nicht der bestellte Artikel ist, kontaktieren Sie WANNIXING bitte so schnell wie m\u00f6glich unter <a class=\"decorated-link cursor-pointer\" rel=\"noopener\" data-start=\"6088\" data-end=\"6108\">Contact@wnxpower.com<\/a>. Bitte f\u00fcgen Sie Ihre Bestellnummer, die Artikeldetails, eine Beschreibung des Problems und, falls vorhanden, deutliche Fotos bei. Wir werden die Angelegenheit pr\u00fcfen und gegebenenfalls R\u00fccksendeanweisungen und eine geeignete Abhilfema\u00dfnahme im Einklang mit dem geltenden Recht bereitstellen.<\/p>\n<p data-start=\"6350\" data-end=\"6720\">Je nach den Umst\u00e4nden und den Rechten, die nach geltendem Recht zur Verf\u00fcgung stehen, kann die Abhilfe f\u00fcr einen fehlerhaften, besch\u00e4digten, mangelhaften oder falschen Artikel die Reparatur, den Ersatz, die Preisminderung oder die Erstattung umfassen. Die zwingenden gesetzlichen Rechte der Verbraucher sind von den normalen R\u00fccktrittsverfahren getrennt und werden durch diese nicht eingeschr\u00e4nkt.<\/p>\n<h2 data-section-id=\"16gn7dk\" data-start=\"6722\" data-end=\"6732\">Erstattungen<\/h2>\n<p data-start=\"6734\" data-end=\"6976\">Im Falle einer R\u00fcckerstattung wird WANNIXING die Erstattung auf die urspr\u00fcnglich f\u00fcr die Bestellung verwendete Zahlungsmethode vornehmen, es sei denn, Sie haben ausdr\u00fccklich etwas anderes vereinbart und es entstehen Ihnen dadurch keine zus\u00e4tzlichen Kosten.<\/p>\n<p data-start=\"6978\" data-end=\"7407\">Im Falle eines berechtigten Widerrufs wird WANNIXING die R\u00fcckzahlung unverz\u00fcglich, sp\u00e4testens jedoch innerhalb von 14 Tagen ab dem Tag, an dem wir von Ihrem Widerruf erfahren, vornehmen. Wir k\u00f6nnen jedoch die R\u00fcckzahlung verweigern, bis wir die Waren wieder zur\u00fcckerhalten haben oder bis Sie den Nachweis erbracht haben, dass Sie die Waren zur\u00fcckgesandt haben, je nachdem, welches der fr\u00fchere Zeitpunkt ist.<\/p>\n<p data-start=\"7409\" data-end=\"7762\">Soweit gesetzlich zul\u00e4ssig, kann die R\u00fcckerstattung des Kaufpreises um die Wertminderung gek\u00fcrzt werden, die durch den Umgang mit der Ware \u00fcber das f\u00fcr die Pr\u00fcfung der Ware erforderliche Ma\u00df hinaus entstanden ist. Wenn die zur\u00fcckgesendeten Waren aufgrund von Besch\u00e4digungen, \u00c4nderungen, fehlenden Teilen oder dem Verlust des wiederverkaufsf\u00e4higen Zustands nicht f\u00fcr eine volle R\u00fcckerstattung in Frage kommen, kann WANNIXING Sie nach Pr\u00fcfung der R\u00fccksendung \u00fcber das Ergebnis informieren.<\/p>\n<h2 data-section-id=\"evzmhz\" data-start=\"7764\" data-end=\"7782\">Kontakt Details<\/h2>\n<p data-start=\"7784\" data-end=\"7823\">WANNIXING<br data-start=\"7793\" data-end=\"7796\" \/>E-Mail: <a class=\"decorated-link cursor-pointer\" rel=\"noopener\" data-start=\"7803\" data-end=\"7823\">Contact@wnxpower.com<\/a><\/p>\n<p data-start=\"7825\" data-end=\"7981\">Bevor Sie einen Artikel zur\u00fccksenden, m\u00fcssen Sie sich mit dem Kundendienst in Verbindung setzen <a class=\"decorated-link cursor-pointer\" rel=\"noopener\" data-start=\"7898\" data-end=\"7918\">Contact@wnxpower.com<\/a> um die genaue R\u00fccksendeadresse und R\u00fccksendeanweisungen zu erhalten.<\/p>\n<h2 data-section-id=\"1l7xh6\" data-start=\"7983\" data-end=\"8002\">Rechtliche Schlussbemerkung<\/h2>\n<p data-start=\"8004\" data-end=\"8271\">Nichts in dieser R\u00fcckerstattungsrichtlinie\/R\u00fcckgaberichtlinie schr\u00e4nkt zwingende Verbraucherrechte ein oder schlie\u00dft sie aus, die nach geltendem Recht gelten. Wo zwingendes Recht Ihnen einen st\u00e4rkeren Schutz bietet als diese Richtlinie, hat das zwingende Recht Vorrang.<\/p>\n\t\t\t\t\t\t\t\t<\/div>\n\t\t\t\t<\/div>\n\t\t<div class=\"elementor-element elementor-element-91aa043 e-con-full e-flex e-con e-child\" data-id=\"91aa043\" data-element_type=\"container\" data-e-type=\"container\">\n\t\t\t\t<\/div>\n\t\t\t\t<\/div>\n\t\t\t\t<\/div>","protected":false},"excerpt":{"rendered":"<p>Einleitung\/Geltungsbereich Diese R\u00fcckerstattungsrichtlinie\/R\u00fcckgabepolitik gilt f\u00fcr Verbraucherk\u00e4ufe, die \u00fcber die WANNIXING-Website get\u00e4tigt und innerhalb der EU-27 geliefert werden. Sie...<\/p>","protected":false},"author":1,"featured_media":0,"parent":0,"menu_order":0,"comment_status":"closed","ping_status":"closed","template":"","meta":{"footnotes":""},"class_list":["post-20","page","type-page","status-publish","hentry"],"_links":{"self":[{"href":"https:\/\/www.wnxpower.com\/de\/wp-json\/wp\/v2\/pages\/20","targetHints":{"allow":["GET"]}}],"collection":[{"href":"https:\/\/www.wnxpower.com\/de\/wp-json\/wp\/v2\/pages"}],"about":[{"href":"https:\/\/www.wnxpower.com\/de\/wp-json\/wp\/v2\/types\/page"}],"author":[{"embeddable":true,"href":"https:\/\/www.wnxpower.com\/de\/wp-json\/wp\/v2\/users\/1"}],"replies":[{"embeddable":true,"href":"https:\/\/www.wnxpower.com\/de\/wp-json\/wp\/v2\/comments?post=20"}],"version-history":[{"count":7,"href":"https:\/\/www.wnxpower.com\/de\/wp-json\/wp\/v2\/pages\/20\/revisions"}],"predecessor-version":[{"id":2106,"href":"https:\/\/www.wnxpower.com\/de\/wp-json\/wp\/v2\/pages\/20\/revisions\/2106"}],"wp:attachment":[{"href":"https:\/\/www.wnxpower.com\/de\/wp-json\/wp\/v2\/media?parent=20"}],"curies":[{"name":"wp","href":"https:\/\/api.w.org\/{rel}","templated":true}]}}